{"id":570,"date":"2021-10-19T18:20:55","date_gmt":"2021-10-19T16:20:55","guid":{"rendered":"https:\/\/silkbridgeclub.fr\/?page_id=570"},"modified":"2026-01-13T18:48:36","modified_gmt":"2026-01-13T17:48:36","slug":"tournois-2","status":"publish","type":"page","link":"https:\/\/silkbridgeclub.fr\/?page_id=570","title":{"rendered":"Tournois"},"content":{"rendered":"\n<figure class=\"wp-block-image size-full\"><img loading=\"lazy\" decoding=\"async\" width=\"218\" height=\"158\" src=\"https:\/\/silkbridgeclub.fr\/wp-content\/uploads\/2021\/09\/joueurs2.jpg\" alt=\"\" class=\"wp-image-114\" srcset=\"https:\/\/silkbridgeclub.fr\/wp-content\/uploads\/2021\/09\/joueurs2.jpg 218w, https:\/\/silkbridgeclub.fr\/wp-content\/uploads\/2021\/09\/joueurs2-150x109.jpg 150w\" sizes=\"auto, (max-width: 218px) 100vw, 218px\" \/><\/figure>\n\n\n\n<div class=\"wp-block-columns is-layout-flex wp-container-core-columns-is-layout-9d6595d7 wp-block-columns-is-layout-flex\">\n<div class=\"wp-block-column is-layout-flow wp-block-column-is-layout-flow\">\n<h1 class=\"wp-block-heading has-text-align-left has-black-color has-text-color has-link-color has-large-font-size wp-elements-1c786955d98269ba7915dbb5bd5263b9\"><\/h1>\n\n\n\n<h1 class=\"wp-block-heading has-text-align-center has-luminous-vivid-orange-color has-text-color has-link-color wp-elements-08c87a1f19f709c0b990a19ac8ae44f7\" style=\"text-transform:uppercase\"><\/h1>\n\n\n\n<p class=\"has-text-align-center has-luminous-vivid-orange-color has-text-color has-link-color has-large-font-size wp-elements-33153e0a6fc9ef083cf53d66535cba30\"><strong>TOURNOIS DE REGULARITE<\/strong><\/p>\n\n\n\n<p>Tournois par paires du Lundi, Mardi, Jeudi et Vendredi \u00e0 14h30 &#8211; Mercredi : parties libres<\/p>\n\n\n\n<p class=\"has-text-align-center has-luminous-vivid-orange-color has-text-color has-link-color has-large-font-size wp-elements-4e5c6843960ccc0962380e30edc330c8\"><strong>COUPE DES CLUBS<\/strong><\/p>\n\n\n\n<p>La Coupe des Clubs entame sa 6\u00e8me saison du 1er Octobre 2025 au 14 Mai 2026.<\/p>\n\n\n\n<p>Elle se joue par paires. 14 tournois sont programm\u00e9s le <strong>vendredi<\/strong> avec un classement par s\u00e9rie.<\/p>\n\n\n\n<p>Les 5 meilleurs r\u00e9sultats avec le m\u00eame partenaire sur les 14 tournois seront pris en compte pour repr\u00e9senter le club dans votre s\u00e9rie lors de la finale le <strong>samedi 20 Juin 2026<\/strong> \u00e0 la Maison du Bridge.<\/p>\n\n\n\n<p>Petit bonus : les points d&#8217;expert seront doubl\u00e9s.<\/p>\n\n\n\n<p>Il ne vous reste plus qu&#8217;\u00e0 participer. <strong>PAS DE RESERVATION PREALABLE<\/strong>.<\/p>\n\n\n\n<p class=\"has-text-align-center has-vivid-purple-color has-text-color has-link-color wp-elements-edff4bb174f0643245d8e4f4fe5d25f2\"><strong>Vendredi 17 Octobre 202<\/strong>5<\/p>\n\n\n\n<p class=\"has-text-align-center has-vivid-purple-color has-text-color has-link-color wp-elements-941ea3fd9be4c96b79e81b8508390608\"><strong>Vendredi 24 Octobre 202<\/strong>5<\/p>\n\n\n\n<p class=\"has-text-align-center has-vivid-purple-color has-text-color has-link-color wp-elements-991fa02f13b34c72af40af9c06ed3b2b\"><strong>Vendredi 7 Novembre 202<\/strong>5<\/p>\n\n\n\n<p class=\"has-text-align-center has-vivid-purple-color has-text-color has-link-color wp-elements-5452b699c3adcca958ddcf19160142fe\"><strong>Vendredi 28 Novembre 202<\/strong>5<\/p>\n\n\n\n<p class=\"has-text-align-center has-vivid-purple-color has-text-color has-link-color wp-elements-44c6017ed1f84d657bc181a883026a87\"><strong>Vendredi 5 D\u00e9cembre 202<\/strong>5<\/p>\n\n\n\n<p class=\"has-text-align-center has-vivid-purple-color has-text-color has-link-color wp-elements-48a6b9d25de00ed327c2743fd9ed4142\"><strong>Vendredi 19 D\u00e9cembre 202<\/strong>5<\/p>\n\n\n\n<p class=\"has-text-align-center has-vivid-purple-color has-text-color has-link-color wp-elements-77f43d5e2ab38e02a7dddac2161c9dbf\"><strong>Vendredi 9 Janvier 202<\/strong>6<\/p>\n\n\n\n<p class=\"has-text-align-center has-vivid-purple-color has-text-color has-link-color wp-elements-2c6f1bb063210d9f09dbc3604075b2e1\"><strong>Vendredi 16 Janvier 202<\/strong>6<\/p>\n\n\n\n<p class=\"has-text-align-center has-vivid-purple-color has-text-color has-link-color wp-elements-e17188be6da9cc4b1fab3f03446fda2f\"><strong>Vendredi 30 Janvier 202<\/strong>6<\/p>\n\n\n\n<p class=\"has-text-align-center has-vivid-purple-color has-text-color has-link-color wp-elements-b8081165078d55941477ef86968a14c5\"><strong>Vendredi 27 F\u00e9vrier 202<\/strong>6<\/p>\n\n\n\n<p class=\"has-text-align-center has-vivid-purple-color has-text-color has-link-color wp-elements-21a1ff26cc11df5182744ab8dd47751a\"><strong>Vendredi 6 Mars 202<\/strong>6<\/p>\n\n\n\n<p class=\"has-text-align-center has-vivid-purple-color has-text-color has-link-color wp-elements-ab9d0d7d337a42f4b80ef87d1c1a7e82\"><strong>Vendredi 27 Mars 202<\/strong>6<\/p>\n\n\n\n<p class=\"has-text-align-center has-vivid-purple-color has-text-color has-link-color wp-elements-1456aa00c5d7e8952a36c67e60eae855\"><strong>Vendredi 3 Avril 202<\/strong>6<\/p>\n\n\n\n<p class=\"has-text-align-center has-vivid-purple-color has-text-color has-link-color wp-elements-51b1b197cca93563298fb7195f2bc518\"><strong>Vendredi 24 Avril 202<\/strong>6<\/p>\n\n\n\n<p class=\"has-text-align-center has-luminous-vivid-orange-color has-text-color has-link-color has-large-font-size wp-elements-b4802bccb082f4662e358911f098b7a0\"><\/p>\n\n\n\n<p class=\"has-text-align-center has-vivid-purple-color has-text-color has-link-color has-medium-font-size wp-elements-6f40e56f488d323776638d4e526e76f9\"><\/p>\n\n\n\n<p class=\"has-text-align-center has-luminous-vivid-orange-color has-text-color has-link-color has-large-font-size wp-elements-b4802bccb082f4662e358911f098b7a0\"><\/p>\n\n\n\n<p class=\"has-text-align-center has-vivid-red-color has-text-color has-link-color wp-elements-ea4fcc9eb9c87c98ad4be583710f7f05\"><\/p>\n\n\n\n<p><\/p>\n<\/div>\n<\/div>\n\n\n\n<div class=\"wp-block-columns is-layout-flex wp-container-core-columns-is-layout-9d6595d7 wp-block-columns-is-layout-flex\"><\/div>\n\n\n\n<div class=\"wp-block-columns is-layout-flex wp-container-core-columns-is-layout-9d6595d7 wp-block-columns-is-layout-flex\"><\/div>\n\n\n\n<p><\/p>\n","protected":false},"excerpt":{"rendered":"<p>TOURNOIS DE REGULARITE Tournois par paires du Lundi, Mardi, Jeudi et Vendredi \u00e0 14h30 &#8211; Mercredi : parties libres COUPE DES CLUBS La Coupe des Clubs entame sa 6\u00e8me saison du 1er Octobre 2025 au 14 Mai 2026. Elle se joue par paires. 14 tournois sont programm\u00e9s le vendredi avec&#8230;<\/p>\n<p> <a class=\"continue-reading-link\" href=\"https:\/\/silkbridgeclub.fr\/?page_id=570\"><span>Continue reading<\/span><i class=\"crycon-right-dir\"><\/i><\/a> <\/p>\n","protected":false},"author":1,"featured_media":0,"parent":0,"menu_order":0,"comment_status":"closed","ping_status":"open","template":"","meta":{"footnotes":""},"class_list":["post-570","page","type-page","status-publish","hentry"],"_links":{"self":[{"href":"https:\/\/silkbridgeclub.fr\/index.php?rest_route=\/wp\/v2\/pages\/570","targetHints":{"allow":["GET"]}}],"collection":[{"href":"https:\/\/silkbridgeclub.fr\/index.php?rest_route=\/wp\/v2\/pages"}],"about":[{"href":"https:\/\/silkbridgeclub.fr\/index.php?rest_route=\/wp\/v2\/types\/page"}],"author":[{"embeddable":true,"href":"https:\/\/silkbridgeclub.fr\/index.php?rest_route=\/wp\/v2\/users\/1"}],"replies":[{"embeddable":true,"href":"https:\/\/silkbridgeclub.fr\/index.php?rest_route=%2Fwp%2Fv2%2Fcomments&post=570"}],"version-history":[{"count":58,"href":"https:\/\/silkbridgeclub.fr\/index.php?rest_route=\/wp\/v2\/pages\/570\/revisions"}],"predecessor-version":[{"id":3202,"href":"https:\/\/silkbridgeclub.fr\/index.php?rest_route=\/wp\/v2\/pages\/570\/revisions\/3202"}],"wp:attachment":[{"href":"https:\/\/silkbridgeclub.fr\/index.php?rest_route=%2Fwp%2Fv2%2Fmedia&parent=570"}],"curies":[{"name":"wp","href":"https:\/\/api.w.org\/{rel}","templated":true}]}}