{"id":29,"date":"2021-09-17T17:26:43","date_gmt":"2021-09-17T15:26:43","guid":{"rendered":"https:\/\/silkbridgeclub.fr\/?page_id=29"},"modified":"2026-03-29T19:45:55","modified_gmt":"2026-03-29T17:45:55","slug":"ecole-de-bridge","status":"publish","type":"page","link":"https:\/\/silkbridgeclub.fr\/?page_id=29","title":{"rendered":"ECOLE DE BRIDGE"},"content":{"rendered":"\n<div class=\"wp-block-columns is-layout-flex wp-container-core-columns-is-layout-9d6595d7 wp-block-columns-is-layout-flex\">\n<div class=\"wp-block-column is-layout-flow wp-block-column-is-layout-flow\" style=\"flex-basis:100%\">\n<figure class=\"wp-block-image size-full\"><img decoding=\"async\" src=\"https:\/\/silkbridgeclub.fr\/wp-content\/uploads\/2021\/09\/logo2_ffb.png\" alt=\"\" class=\"wp-image-51\"\/><\/figure>\n\n\n\n<div class=\"wp-block-columns is-layout-flex wp-container-core-columns-is-layout-9d6595d7 wp-block-columns-is-layout-flex\">\n<div class=\"wp-block-column is-layout-flow wp-block-column-is-layout-flow\" style=\"flex-basis:100%\">\n<p class=\"has-text-align-center has-text-color has-link-color has-x-large-font-size wp-elements-a15c1a81fd003adcc7daf218eb859b61\" style=\"color:#f70101\">Le &nbsp;bridge,   un &nbsp;nouveau&nbsp; jeu    pour vous<\/p>\n\n\n\n<p class=\"has-text-align-center has-large-font-size\"><strong>Je parie qu&#8217;on vous le fait aimer&nbsp;!<\/strong><\/p>\n\n\n\n<p>Rendez-vous au Club de Bridge du Silk, 19 Place Bellecour, sonnez \u00e0 l\u2019interphone, 2\u00b0 \u00e9tage<\/p>\n\n\n\n<p class=\"has-text-align-center has-vivid-cyan-blue-color has-text-color has-link-color has-medium-font-size wp-elements-723712c3397da59c59fbf6cc7997a539\"><strong>L&#8217;Ecole de Bridge vous propose les cours suivants pour l&#8217;ann\u00e9e 2025\/2026<\/strong><\/p>\n\n\n\n<p>Tous nos cours sont dispens\u00e9s par des enseignants agr\u00e9es par la F\u00e9d\u00e9ration Fran\u00e7aise de Bridge. Ils d\u00e9marreront le 29 Septembre.<\/p>\n\n\n\n<p>Tarif : <strong>150\u20ac<\/strong> pour 11 cours dont 1 gratuit. Le paiement s&#8217;effectue donc \u00e0 la 3\u00e8me s\u00e9ance.&nbsp;&nbsp;&nbsp;&nbsp;&nbsp;&nbsp;&nbsp;&nbsp;&nbsp;&nbsp;&nbsp;&nbsp;&nbsp;&nbsp;&nbsp;&nbsp;&nbsp;&nbsp;&nbsp;&nbsp;&nbsp;&nbsp;&nbsp;&nbsp;<\/p>\n\n\n\n<ul class=\"wp-block-list\">\n<li class=\"has-black-color has-text-color has-link-color has-medium-font-size wp-elements-24a604656be62fc7b95995fe45b746d4\"><strong>Lundi&nbsp;<\/strong>:&nbsp;19h00 \u00e0 21h00 &nbsp;&nbsp;<strong>D\u00e9butants&nbsp;<\/strong>&nbsp;&nbsp;&nbsp;&nbsp;&nbsp;&nbsp;&nbsp;\n<ul class=\"wp-block-list\">\n<li class=\"has-medium-font-size\">Prochains cours \n<ul class=\"wp-block-list\">\n<li>9\/03 &#8211; 16\/03 &#8211; 23\/03 &#8211; 30\/03 &#8211; 20\/04 &#8211; 27\/04 &#8211; 4\/05 &#8211; 1\/06 &#8211; 8\/06 &#8211; 15\/06<\/li>\n<\/ul>\n<\/li>\n<\/ul>\n<\/li>\n\n\n\n<li class=\"has-medium-font-size\"><strong>Lundi <\/strong>: 19h00 \u00e0 21h00 &nbsp;&nbsp;&nbsp;<strong>     Comp\u00e9tition&nbsp;&nbsp;<\/strong>&nbsp;&nbsp;&nbsp;&nbsp;&nbsp;&nbsp;&nbsp;&nbsp;&nbsp;\n<ul class=\"wp-block-list\">\n<li class=\"has-medium-font-size\">Prochains cours \n<ul class=\"wp-block-list\">\n<li class=\"has-medium-font-size\">9\/03 &#8211; 23\/03 &#8211; 04\/05 &#8211; 18\/05 &#8211; 01\/06 <\/li>\n<\/ul>\n<\/li>\n<\/ul>\n<\/li>\n\n\n\n<li class=\"has-medium-font-size\"><strong>Mercredi&nbsp;<\/strong>: 10h00 \u00e0 12h00&nbsp;   <strong>Deuxi\u00e8me Ann\u00e9e<\/strong>\n<ul class=\"wp-block-list\">\n<li>Prochains cours (hors vacances scolaires)<strong>&nbsp;&nbsp;<\/strong>&nbsp;\n<ul class=\"wp-block-list\">\n<li>18\/03 &#8211; 25\/03 &#8211; 01\/04 &#8211; 22\/04 &#8211; 29\/04 &#8211; 06\/05 &#8211; 13\/05 &#8211; 20\/05 &#8211; 27\/05 &#8211; 03\/06 &#8211; 10\/06 &#8211; 17\/06 &#8211; 24\/06<\/li>\n<\/ul>\n<\/li>\n<\/ul>\n<\/li>\n\n\n\n<li class=\"has-medium-font-size\"><strong>Jeudi<\/strong> : 10h00 \u00e0 12h00           <strong>D\u00e9butants<\/strong>\n<ul class=\"wp-block-list\">\n<li>Prochains cours (hors vacances scolaires)\n<ul class=\"wp-block-list\">\n<li><strong>&nbsp;<\/strong>12\/03 &#8211; 19\/03 &#8211; 26\/03 &#8211; 02\/04 &#8211; 23\/04 &#8211; 30\/04 &#8211; 07\/05 &#8211; 14\/05 &#8211; 21\/05 &#8211; 28\/05 &#8211; 04\/06 &#8211; 11\/06 &#8211; 18\/06 &#8211; 25\/06<\/li>\n<\/ul>\n<\/li>\n<\/ul>\n<\/li>\n<\/ul>\n\n\n\n<p><\/p>\n\n\n\n<p class=\"has-text-align-center has-vivid-red-color has-text-color has-link-color has-medium-font-size wp-elements-2bd6c199d60e06db7fddb470296ee776\"><\/p>\n\n\n\n<p>&nbsp;&nbsp;&nbsp;&nbsp;&nbsp;&nbsp;&nbsp;&nbsp;&nbsp;&nbsp;&nbsp;&nbsp;&nbsp;&nbsp;&nbsp;&nbsp;&nbsp;<\/p>\n\n\n\n<p>&nbsp;&nbsp;&nbsp;<\/p>\n\n\n\n<p><\/p>\n\n\n\n<p><\/p>\n\n\n\n<p class=\"has-text-align-center has-vivid-red-color has-text-color has-link-color has-large-font-size wp-elements-1974891857b246ac3989652e9c658928\"><\/p>\n\n\n\n<p><\/p>\n\n\n\n<p><\/p>\n\n\n\n<p><strong>Moniteurs agr\u00e9\u00e9s<\/strong>&nbsp;&nbsp;<\/p>\n\n\n\n<ul class=\"wp-block-list\">\n<li>Florence RAULIN&nbsp;<\/li>\n\n\n\n<li>Dominique MONTMASSON&nbsp;&nbsp;<\/li>\n\n\n\n<li>Jean GAY&nbsp;<\/li>\n\n\n\n<li>Christian MALIGOT&nbsp;<\/li>\n<\/ul>\n\n\n\n<p><\/p>\n<\/div>\n<\/div>\n<\/div>\n<\/div>\n\n\n\n<div class=\"wp-block-columns is-layout-flex wp-container-core-columns-is-layout-9d6595d7 wp-block-columns-is-layout-flex\">\n<div class=\"wp-block-column is-layout-flow wp-block-column-is-layout-flow\" style=\"flex-basis:100%\"><\/div>\n<\/div>\n\n\n\n\n\n\n\n\n\n\n","protected":false},"excerpt":{"rendered":"<p>Le &nbsp;bridge, un &nbsp;nouveau&nbsp; jeu pour vous Je parie qu&#8217;on vous le fait aimer&nbsp;! Rendez-vous au Club de Bridge du Silk, 19 Place Bellecour, sonnez \u00e0 l\u2019interphone, 2\u00b0 \u00e9tage L&#8217;Ecole de Bridge vous propose les cours suivants pour l&#8217;ann\u00e9e 2025\/2026 Tous nos cours sont dispens\u00e9s par des enseignants agr\u00e9es par&#8230;<\/p>\n<p> <a class=\"continue-reading-link\" href=\"https:\/\/silkbridgeclub.fr\/?page_id=29\"><span>Continue reading<\/span><i class=\"crycon-right-dir\"><\/i><\/a> <\/p>\n","protected":false},"author":1,"featured_media":0,"parent":0,"menu_order":0,"comment_status":"closed","ping_status":"open","template":"","meta":{"footnotes":""},"class_list":["post-29","page","type-page","status-publish","hentry"],"_links":{"self":[{"href":"https:\/\/silkbridgeclub.fr\/index.php?rest_route=\/wp\/v2\/pages\/29","targetHints":{"allow":["GET"]}}],"collection":[{"href":"https:\/\/silkbridgeclub.fr\/index.php?rest_route=\/wp\/v2\/pages"}],"about":[{"href":"https:\/\/silkbridgeclub.fr\/index.php?rest_route=\/wp\/v2\/types\/page"}],"author":[{"embeddable":true,"href":"https:\/\/silkbridgeclub.fr\/index.php?rest_route=\/wp\/v2\/users\/1"}],"replies":[{"embeddable":true,"href":"https:\/\/silkbridgeclub.fr\/index.php?rest_route=%2Fwp%2Fv2%2Fcomments&post=29"}],"version-history":[{"count":120,"href":"https:\/\/silkbridgeclub.fr\/index.php?rest_route=\/wp\/v2\/pages\/29\/revisions"}],"predecessor-version":[{"id":3253,"href":"https:\/\/silkbridgeclub.fr\/index.php?rest_route=\/wp\/v2\/pages\/29\/revisions\/3253"}],"wp:attachment":[{"href":"https:\/\/silkbridgeclub.fr\/index.php?rest_route=%2Fwp%2Fv2%2Fmedia&parent=29"}],"curies":[{"name":"wp","href":"https:\/\/api.w.org\/{rel}","templated":true}]}}