{"id":2585,"date":"2024-01-30T18:00:11","date_gmt":"2024-01-30T17:00:11","guid":{"rendered":"https:\/\/silkbridgeclub.fr\/?page_id=2585"},"modified":"2026-04-29T10:13:25","modified_gmt":"2026-04-29T08:13:25","slug":"accueil","status":"publish","type":"page","link":"https:\/\/silkbridgeclub.fr\/","title":{"rendered":""},"content":{"rendered":"\n<p>Le Silk Bridge Club, cr\u00e9\u00e9 en 1952 par des Soyeux,  a le plaisir de vous accueillir dans un cadre magnifique en plein c\u0153ur de la ville  avec une vue exceptionnelle sur la Pace Bellecour et la Basilique de Fourvi\u00e8re.<\/p>\n\n\n\n<p>Que vous soyez d\u00e9butants ou comp\u00e9titeurs aguerris, vous y trouverez convivialit\u00e9 et sportivit\u00e9.<\/p>\n\n\n\n<div class=\"wp-block-columns is-layout-flex wp-container-core-columns-is-layout-9d6595d7 wp-block-columns-is-layout-flex\">\n<div class=\"wp-block-column is-layout-flow wp-block-column-is-layout-flow\"><\/div>\n<\/div>\n\n\n\n<p class=\"has-text-align-center has-luminous-vivid-orange-color has-text-color has-link-color has-x-large-font-size wp-elements-a1ada070011a774855113709caba1d7e\"><strong>MAI<\/strong><\/p>\n\n\n\n<div class=\"wp-block-group is-nowrap is-layout-flex wp-container-core-group-is-layout-ad2f72ca wp-block-group-is-layout-flex\">\n<div class=\"wp-block-group\"><div class=\"wp-block-group__inner-container is-layout-constrained wp-block-group-is-layout-constrained\">\n<div class=\"wp-block-columns is-layout-flex wp-container-core-columns-is-layout-9d6595d7 wp-block-columns-is-layout-flex\">\n<div class=\"wp-block-column is-layout-flow wp-block-column-is-layout-flow\">\n<p class=\"has-text-align-center has-vivid-cyan-blue-color has-text-color has-link-color has-large-font-size wp-elements-27df587db12c94b8fec2a67b7c5fd5df\"><strong>EVENEMENTS<\/strong><\/p>\n\n\n\n<p class=\"has-text-align-center has-vivid-purple-color has-text-color has-link-color has-medium-font-size wp-elements-919ee64777bf93e80e33fc68b09694e3\"><strong>TOURNOIS DE REGULARITE  &#8211; 14h30<\/strong><\/p>\n\n\n\n<p class=\"has-text-align-center has-luminous-vivid-orange-color has-white-background-color has-text-color has-background has-link-color has-medium-font-size wp-elements-499e3ba986140726d70d2e82402d51a1\"><strong>Lundi, mardi, jeudi et vendredi <\/strong><\/p>\n\n\n\n<p class=\"has-text-align-center has-luminous-vivid-orange-color has-white-background-color has-text-color has-background has-link-color has-medium-font-size wp-elements-b925dc8cc9bf3deeb86869657e672464\"><strong>Mercredi  <\/strong><\/p>\n\n\n\n<p class=\"has-text-align-center has-black-color has-white-background-color has-text-color has-background has-link-color has-medium-font-size wp-elements-135045d64edd791cc790cda1985c5956\"><strong>Parties libres <\/strong><\/p>\n\n\n\n<p class=\"has-text-align-center has-vivid-purple-color has-text-color has-link-color has-medium-font-size wp-elements-661d46a74fa33d97160f0052637b6871\"><strong>TOURNOIS DU SOIR &#8211; 19h45 \u00e0 la table<\/strong><\/p>\n\n\n\n<p class=\"has-text-align-center has-vivid-green-cyan-color has-text-color has-link-color has-medium-font-size wp-elements-aa913f1ebe309a7c8054941af74876ba\"><strong>MERCREDI 27 Mai<\/strong><\/p>\n\n\n\n<p class=\"has-text-align-center has-luminous-vivid-orange-color has-text-color has-link-color has-medium-font-size wp-elements-4f246d06589cfddb4217021abf3412f5\"><strong>Prix unique : 5\u20ac<\/strong><\/p>\n\n\n\n<p class=\"has-text-align-center has-vivid-purple-color has-text-color has-link-color has-medium-font-size wp-elements-4bdc00a1ed059030f5558feb68cf55f5\"><strong>Tournoi de r\u00e9gularit\u00e9<\/strong> <strong>r\u00e9serv\u00e9 aux 3e et 4e s\u00e9ries<\/strong><\/p>\n\n\n\n<p class=\"has-text-align-center has-vivid-red-color has-text-color has-link-color has-medium-font-size wp-elements-3031aa9dd18bf818d5eff27eafa60090\"><strong>TOUS LES MERCREDIS \u00e0 13h30<\/strong><\/p>\n\n\n\n<p class=\"has-text-align-center has-vivid-red-color has-text-color has-link-color wp-elements-6c5319f231fcb2fb51c4fd82f5ea8460\"><strong>Pas de tournoi Mercredi 13 Mai<\/strong><\/p>\n\n\n\n<p class=\"has-text-align-center has-medium-font-size\"><strong>16 donnes&nbsp;<\/strong><\/p>\n\n\n\n<p class=\"has-text-align-center\">Ce tournoi sera d\u00e9clar\u00e9 au niveau de la F\u00e9d\u00e9ration et vous rapportera donc des points pour faire \u00e9voluer votre classement.&nbsp;<\/p>\n\n\n\n<p class=\"has-text-align-center has-vivid-purple-color has-text-color has-link-color has-medium-font-size wp-elements-f64068b97b39cd0829c2d8642601972d\">au tarif de <strong>5\u20ac<\/strong>.<\/p>\n\n\n\n<p class=\"has-text-align-center has-vivid-purple-color has-text-color has-link-color has-medium-font-size wp-elements-6f40e56f488d323776638d4e526e76f9\"><\/p>\n\n\n\n<p class=\"has-text-align-center has-vivid-purple-color has-text-color has-link-color has-medium-font-size wp-elements-6f40e56f488d323776638d4e526e76f9\"><\/p>\n\n\n\n<h1 class=\"wp-block-heading has-text-align-center has-white-color has-text-color has-link-color has-medium-font-size wp-elements-1274819def23eb3a14eaf40cc4cd185a\">T<\/h1>\n\n\n\n<p class=\"has-text-align-center has-vivid-green-cyan-color has-text-color has-link-color has-medium-font-size wp-elements-ced7c3576c77d2e41749f7a9110d99a1\"><\/p>\n\n\n\n<p class=\"has-text-align-center has-vivid-green-cyan-color has-text-color has-link-color has-medium-font-size wp-elements-ced7c3576c77d2e41749f7a9110d99a1\"><\/p>\n\n\n\n<p class=\"has-text-align-center has-vivid-cyan-blue-color has-text-color has-link-color has-large-font-size wp-elements-d7bbacd12fe71d6facde7f6ae5917bdc\"><\/p>\n\n\n\n<p class=\"has-luminous-vivid-amber-color has-text-color has-link-color has-medium-font-size wp-elements-25de63ee0a867ec7023ac6d828ad9b2a\"><\/p>\n\n\n\n<p class=\"has-text-align-center\"><\/p>\n\n\n\n<p class=\"has-text-color has-link-color has-medium-font-size wp-elements-a6d7884f9f26f8fb9fd9447739186fd7\" style=\"color:#50bc91\"><\/p>\n\n\n\n<p class=\"has-text-align-left has-white-color has-text-color has-link-color has-medium-font-size wp-elements-6b2263f3900a89f5660ad5dcee6fe576\"><\/p>\n\n\n\n<p class=\"has-text-align-left has-luminous-vivid-orange-color has-text-color has-link-color has-medium-font-size wp-elements-d0c3e166dd238dbeb0c3c3c6b16da4c7\"><\/p>\n\n\n\n<p class=\"has-text-align-center has-text-color has-link-color has-large-font-size wp-elements-4e59a14400353d71d21f149a41c5c325\" style=\"color:#f80404\"><\/p>\n<\/div>\n\n\n\n<div class=\"wp-block-column is-layout-flow wp-block-column-is-layout-flow\">\n<h1 class=\"wp-block-heading has-text-align-center has-vivid-cyan-blue-color has-text-color has-link-color has-large-font-size wp-elements-7693571ecaf70eeb6e5fc89ce0727161\"><strong>ACTUALITES<\/strong><\/h1>\n\n\n\n<p class=\"has-text-align-center has-text-color has-link-color has-large-font-size wp-elements-645f051018f7e1b0fad8971da082ec08\" style=\"color:#f20303\"><strong>Le club sera ouvert :<\/strong><\/p>\n\n\n\n<p class=\"has-text-align-center has-vivid-green-cyan-color has-text-color has-link-color has-large-font-size wp-elements-b4cbde8aea3cda206640ce2c748f819b\">Vendredi 8 Mai<\/p>\n\n\n\n<p class=\"has-text-align-center has-vivid-green-cyan-color has-text-color has-link-color has-large-font-size wp-elements-9cc36159a7737e9e03678f2e4f2e1d12\">Vendredi 15 Mai <\/p>\n\n\n\n<p class=\"has-text-align-center has-black-color has-text-color has-link-color has-large-font-size wp-elements-3cd56500fe5b897359997bbb7a061554\">(Pont de l&#8217;Ascension)<\/p>\n\n\n\n<p class=\"has-text-align-center has-vivid-green-cyan-color has-text-color has-link-color has-large-font-size wp-elements-74b5f8fc7d90e548fdb35256f010e36b\">Lundi 25 Mai<\/p>\n\n\n\n<p class=\"has-text-align-center has-vivid-red-color has-text-color has-link-color has-large-font-size wp-elements-ceac3ec6c7de0c366bc542be552a10f6\"><strong>Le club sera ferm\u00e9 :<\/strong><\/p>\n\n\n\n<p class=\"has-text-align-center has-vivid-green-cyan-color has-text-color has-link-color has-large-font-size wp-elements-b3b718ad0bcfcb4666c4c2c180df7171\">Vendredi 1er Mai<\/p>\n\n\n\n<p class=\"has-text-align-center has-vivid-green-cyan-color has-text-color has-link-color has-large-font-size wp-elements-164c5573b6e8a43a15d23312e76e6cd4\">Jeudi 14 Mai<\/p>\n\n\n\n<figure class=\"wp-block-image size-full\"><img loading=\"lazy\" decoding=\"async\" width=\"372\" height=\"385\" src=\"https:\/\/silkbridgeclub.fr\/wp-content\/uploads\/2026\/04\/image-3.png\" alt=\"\" class=\"wp-image-3258\" srcset=\"https:\/\/silkbridgeclub.fr\/wp-content\/uploads\/2026\/04\/image-3.png 372w, https:\/\/silkbridgeclub.fr\/wp-content\/uploads\/2026\/04\/image-3-290x300.png 290w, https:\/\/silkbridgeclub.fr\/wp-content\/uploads\/2026\/04\/image-3-145x150.png 145w\" sizes=\"auto, (max-width: 372px) 100vw, 372px\" \/><\/figure>\n<\/div>\n<\/div>\n<\/div><\/div>\n<\/div>\n\n\n\n<div class=\"wp-block-columns is-layout-flex wp-container-core-columns-is-layout-9d6595d7 wp-block-columns-is-layout-flex\">\n<div class=\"wp-block-column is-layout-flow wp-block-column-is-layout-flow\">\n<div class=\"wp-block-columns is-layout-flex wp-container-core-columns-is-layout-9d6595d7 wp-block-columns-is-layout-flex\">\n<div class=\"wp-block-column is-layout-flow wp-block-column-is-layout-flow\">\n<div class=\"wp-block-columns is-layout-flex wp-container-core-columns-is-layout-9d6595d7 wp-block-columns-is-layout-flex\">\n<div class=\"wp-block-column is-layout-flow wp-block-column-is-layout-flow\">\n<div class=\"wp-block-columns is-layout-flex wp-container-core-columns-is-layout-9d6595d7 wp-block-columns-is-layout-flex\">\n<div class=\"wp-block-column is-layout-flow wp-block-column-is-layout-flow\">\n<p class=\"has-text-align-center has-x-large-font-size\"><\/p>\n<\/div>\n<\/div>\n<\/div>\n<\/div>\n<\/div>\n<\/div>\n<\/div>\n<\/div>\n","protected":false},"excerpt":{"rendered":"<p>Le Silk Bridge Club, cr\u00e9\u00e9 en 1952 par des Soyeux, a le plaisir de vous accueillir dans un cadre magnifique en plein c\u0153ur de la ville avec une vue exceptionnelle sur la Pace Bellecour et la Basilique de Fourvi\u00e8re. Que vous soyez d\u00e9butants ou comp\u00e9titeurs aguerris, vous y trouverez convivialit\u00e9&#8230;<\/p>\n<p> <a class=\"continue-reading-link\" href=\"https:\/\/silkbridgeclub.fr\/\"><span>Continue reading<\/span><i class=\"crycon-right-dir\"><\/i><\/a> <\/p>\n","protected":false},"author":1,"featured_media":0,"parent":0,"menu_order":0,"comment_status":"closed","ping_status":"closed","template":"","meta":{"footnotes":""},"class_list":["post-2585","page","type-page","status-publish","hentry"],"_links":{"self":[{"href":"https:\/\/silkbridgeclub.fr\/index.php?rest_route=\/wp\/v2\/pages\/2585","targetHints":{"allow":["GET"]}}],"collection":[{"href":"https:\/\/silkbridgeclub.fr\/index.php?rest_route=\/wp\/v2\/pages"}],"about":[{"href":"https:\/\/silkbridgeclub.fr\/index.php?rest_route=\/wp\/v2\/types\/page"}],"author":[{"embeddable":true,"href":"https:\/\/silkbridgeclub.fr\/index.php?rest_route=\/wp\/v2\/users\/1"}],"replies":[{"embeddable":true,"href":"https:\/\/silkbridgeclub.fr\/index.php?rest_route=%2Fwp%2Fv2%2Fcomments&post=2585"}],"version-history":[{"count":194,"href":"https:\/\/silkbridgeclub.fr\/index.php?rest_route=\/wp\/v2\/pages\/2585\/revisions"}],"predecessor-version":[{"id":3264,"href":"https:\/\/silkbridgeclub.fr\/index.php?rest_route=\/wp\/v2\/pages\/2585\/revisions\/3264"}],"wp:attachment":[{"href":"https:\/\/silkbridgeclub.fr\/index.php?rest_route=%2Fwp%2Fv2%2Fmedia&parent=2585"}],"curies":[{"name":"wp","href":"https:\/\/api.w.org\/{rel}","templated":true}]}}