{"id":236,"date":"2021-09-22T14:26:18","date_gmt":"2021-09-22T12:26:18","guid":{"rendered":"https:\/\/silkbridgeclub.fr\/?page_id=236"},"modified":"2021-10-14T12:10:05","modified_gmt":"2021-10-14T10:10:05","slug":"mentions-legales","status":"publish","type":"page","link":"https:\/\/silkbridgeclub.fr\/?page_id=236","title":{"rendered":"Mentions L\u00e9gales"},"content":{"rendered":"\n<p>Conform\u00e9ment aux dispositions des Articles 6-III et 19 de la Loi n\u00b02004-575 du 21 juin 2004 pour la Confiance dans l\u2019\u00e9conomie num\u00e9rique, dite L.C.E.N., il est port\u00e9 \u00e0 la connaissance des Utilisateurs du site www.silkbridgeclub.fr les pr\u00e9sentes mentions l\u00e9gales.<br>La connexion et la navigation sur le site www.silkbridgeclub.fr par l\u2019Utilisateur  implique acceptation int\u00e9grale et sans r\u00e9serve des pr\u00e9sentes mentions l\u00e9gales.<br>Ces derni\u00e8res sont accessibles sur le site \u00e0 la rubrique \u00ab Mentions l\u00e9gales \u00bb.<\/p>\n\n\n\n<p class=\"has-text-align-center\"><strong>INFORMATIONS EDITEUR<\/strong><\/p>\n\n\n\n<p>L&#8217;\u00e9dition et la direction de la publication du site<strong> www.silkbridgeclub.fr <\/strong>est assur\u00e9e par<b> l&#8217;Association <\/b><strong style=\"font-weight: bold;\">Silk<\/strong><strong><strong> <strong>Bridge<\/strong><\/strong><\/strong> <strong>Club de Lyon<\/strong>, 19 Place Bellecour \u00e0 Lyon (69002).<\/p>\n\n\n\n<p class=\"has-text-align-center\"> <strong>CONCEPTION ET D\u00c9VELOPPEMENT<\/strong><\/p>\n\n\n\n<p class=\"has-text-align-center\">Conception, r\u00e9daction, graphisme, alimentation contenu et actualisation&nbsp;:<br>Association Silk Bridge Club, 19 Place Bellecour &#8211; 69002 Lyon<br><em>===&gt; pour toute correction ou remarque, contacter : <a href=\"mailto:webmaster@silkbridgeclub.fr\">webmaster@silkbridgeclub.fr<\/a><\/em><\/p>\n\n\n\n<p class=\"has-text-align-center\"> <strong>H\u00c9BERGEMENT<\/strong><\/p>\n\n\n\n<p>Le site est accessible 7j\/7, 24h\/24 sauf cas de force majeure, interruption programm\u00e9e ou non et pouvant d\u00e9couler d\u2019une n\u00e9cessit\u00e9 de maintenance.<\/p>\n\n\n\n<p>En cas de modification, interruption ou suspension des services le site www.silkbridgeclub.fr ne saurait \u00eatre tenu responsable. <\/p>\n\n\n\n<p class=\"has-text-align-center\"> <strong>COLLECTE DES DONNEES<\/strong><\/p>\n\n\n\n<p class=\"has-text-align-left\">Le site est exempt\u00e9 de d\u00e9claration \u00e0 la Commission Nationale Informatique et Libert\u00e9s (CNIL) dans la mesure o\u00f9 il ne collecte aucune donn\u00e9e concernant les utilisateurs.<\/p>\n\n\n\n<p class=\"has-text-align-center\"><strong>COOKIES<\/strong><\/p>\n\n\n\n<p>L\u2019Utilisateur est inform\u00e9 que lors de ses visites sur le site, un cookie peut s\u2019installer automatiquement sur son logiciel de navigation.<\/p>\n\n\n\n<p>En naviguant sur le site, il les accepte.<\/p>\n\n\n\n<p>Un cookie est un \u00e9l\u00e9ment qui ne permet pas d\u2019identifier l\u2019Utilisateur mais sert \u00e0 enregistrer des informations relatives \u00e0 la navigation de celui-ci sur le site Internet. L\u2019Utilisateur pourra d\u00e9sactiver ce cookie par l\u2019interm\u00e9diaire des param\u00e8tres figurant au sein de son logiciel de navigation.<\/p>\n\n\n\n<p class=\"has-text-align-center\"><strong>PROPRIETE INTELLECTUELLE<\/strong><\/p>\n\n\n\n<p>Toute utilisation, reproduction, diffusion, commercialisation, modification de toute ou partie du site  www.silkbridgeclub.fr, sans autorisation de l\u2019Editeur est prohib\u00e9e et pourra entra\u00een\u00e9e des actions et poursuites judiciaires telles que notamment pr\u00e9vues par le Code de la propri\u00e9t\u00e9 intellectuelle et le Code civil. <\/p>\n","protected":false},"excerpt":{"rendered":"<p>Conform\u00e9ment aux dispositions des Articles 6-III et 19 de la Loi n\u00b02004-575 du 21 juin 2004 pour la Confiance dans l\u2019\u00e9conomie num\u00e9rique, dite L.C.E.N., il est port\u00e9 \u00e0 la connaissance des Utilisateurs du site www.silkbridgeclub.fr les pr\u00e9sentes mentions l\u00e9gales.La connexion et la navigation sur le site www.silkbridgeclub.fr par l\u2019Utilisateur implique&#8230;<\/p>\n<p> <a class=\"continue-reading-link\" href=\"https:\/\/silkbridgeclub.fr\/?page_id=236\"><span>Continue reading<\/span><i class=\"crycon-right-dir\"><\/i><\/a> <\/p>\n","protected":false},"author":1,"featured_media":0,"parent":0,"menu_order":0,"comment_status":"closed","ping_status":"closed","template":"","meta":{"footnotes":""},"class_list":["post-236","page","type-page","status-publish","hentry"],"_links":{"self":[{"href":"https:\/\/silkbridgeclub.fr\/index.php?rest_route=\/wp\/v2\/pages\/236","targetHints":{"allow":["GET"]}}],"collection":[{"href":"https:\/\/silkbridgeclub.fr\/index.php?rest_route=\/wp\/v2\/pages"}],"about":[{"href":"https:\/\/silkbridgeclub.fr\/index.php?rest_route=\/wp\/v2\/types\/page"}],"author":[{"embeddable":true,"href":"https:\/\/silkbridgeclub.fr\/index.php?rest_route=\/wp\/v2\/users\/1"}],"replies":[{"embeddable":true,"href":"https:\/\/silkbridgeclub.fr\/index.php?rest_route=%2Fwp%2Fv2%2Fcomments&post=236"}],"version-history":[{"count":4,"href":"https:\/\/silkbridgeclub.fr\/index.php?rest_route=\/wp\/v2\/pages\/236\/revisions"}],"predecessor-version":[{"id":498,"href":"https:\/\/silkbridgeclub.fr\/index.php?rest_route=\/wp\/v2\/pages\/236\/revisions\/498"}],"wp:attachment":[{"href":"https:\/\/silkbridgeclub.fr\/index.php?rest_route=%2Fwp%2Fv2%2Fmedia&parent=236"}],"curies":[{"name":"wp","href":"https:\/\/api.w.org\/{rel}","templated":true}]}}